{"id":4354,"date":"2023-06-09T15:12:28","date_gmt":"2023-06-09T13:12:28","guid":{"rendered":"https:\/\/www.netstal.com\/?page_id=4354"},"modified":"2023-09-25T12:56:10","modified_gmt":"2023-09-25T10:56:10","slug":"apprenticeship","status":"publish","type":"page","link":"https:\/\/www.netstal.com\/en\/apprenticeship\/","title":{"rendered":"Apprenticeship"},"content":{"rendered":"<div class=\"wpb-content-wrapper\"><p>[vc_row row_height_percent=&#8221;85&#8243; override_padding=&#8221;yes&#8221; h_padding=&#8221;2&#8243; top_padding=&#8221;5&#8243; bottom_padding=&#8221;5&#8243; overlay_alpha=&#8221;80&#8243; gutter_size=&#8221;4&#8243; column_width_percent=&#8221;100&#8243; shift_y=&#8221;0&#8243; z_index=&#8221;0&#8243; uncode_shortcode_id=&#8221;876882&#8243;][vc_column column_width_percent=&#8221;100&#8243; position_vertical=&#8221;middle&#8221; gutter_size=&#8221;3&#8243; style=&#8221;light&#8221; overlay_alpha=&#8221;50&#8243; shift_x=&#8221;0&#8243; shift_y=&#8221;0&#8243; shift_y_down=&#8221;0&#8243; z_index=&#8221;0&#8243; medium_width=&#8221;4&#8243; align_mobile=&#8221;align_left_mobile&#8221; mobile_width=&#8221;7&#8243; width=&#8221;1\/2&#8243; uncode_shortcode_id=&#8221;168691&#8243;][vc_custom_heading heading_semantic=&#8221;h1&#8243; text_size=&#8221;h1&#8243; text_height=&#8221;fontheight-645262&#8243; text_space=&#8221;fontspace-850257&#8243; uncode_shortcode_id=&#8221;175896&#8243;]Deine Zukunft<br \/>\n<span style=\"color: #b6bfca;\">Deine Lehre<\/span><br \/>\nbei Netstal[\/vc_custom_heading][vc_custom_heading heading_semantic=&#8221;p&#8221; text_size=&#8221;fontsize-742696&#8243; text_weight=&#8221;100&#8243; text_height=&#8221;fontheight-350431&#8243; text_space=&#8221;fontspace-472903&#8243; uncode_shortcode_id=&#8221;207701&#8243;]Mit Begeisterung bilden wir seit Jahrzenten Lernende aus. Herausforderungen treiben uns an, deshalb bieten wir dir eine Auswahl aus 11 spannenden Berufen an. Du bist neugierig, motiviert und hast Lust auf eine abwechslungsreiche Lehrzeit in einem global t\u00e4tigen Maschinenbauunternehmen? Dann sind wir an deiner Bewerbung sehr interessiert! Ob du die Berufsmaturit\u00e4t besuchen m\u00f6chtest oder nicht, diese Entscheidung \u00fcberlassen wir dir.[\/vc_custom_heading][vc_column_text uncode_shortcode_id=&#8221;183458&#8243;]Eine gute Zusammenarbeit sowie der kollegiale Zusammenhalt sind uns besonders wichtig. Damit du dich schneller bei uns als Teil &#8220;der Netstal&#8221; f\u00fchlst, steht dir bei uns eine Lernenden-Vertretung zur Verf\u00fcgung. Diese organisiert w\u00e4hrend des Jahres verschiedene Ausfl\u00fcge, an denen du auch deine Kolleginnen und Kollegen \u00fcber den eigenen Beruf hinaus n\u00e4her kennenlernen wirst.<\/p>\n<p>Unsere <strong>engagierten<\/strong> Berufsbildner freuen sich darauf, dir bei einer Berufserkundung oder Schnupperlehre pers\u00f6nlich unsere Berufe n\u00e4her vorzustellen. So kannst du herausfinden, ob Netstal und einer unserer Berufe zu Dir passen.[\/vc_column_text][vc_button radius=&#8221;btn-default-shape&#8221; border_width=&#8221;0&#8243; link=&#8221;url:https%3A%2F%2Fwww.yousty.ch%2Fde-CH%2Flehrstellen%2Ffirmen%2F952-netstal-maschinen-ag|title:zu%20Yousty|target:_blank&#8221; uncode_shortcode_id=&#8221;106503&#8243;]zu Yousty[\/vc_button][\/vc_column][vc_column column_width_percent=&#8221;100&#8243; position_vertical=&#8221;middle&#8221; gutter_size=&#8221;3&#8243; overlay_alpha=&#8221;50&#8243; shift_x=&#8221;0&#8243; shift_y=&#8221;0&#8243; shift_y_down=&#8221;0&#8243; z_index=&#8221;0&#8243; medium_width=&#8221;4&#8243; mobile_visibility=&#8221;yes&#8221; mobile_width=&#8221;0&#8243; parallax_intensity=&#8221;5&#8243; parallax_centered=&#8221;yes&#8221; width=&#8221;1\/2&#8243; uncode_shortcode_id=&#8221;572249&#8243;][vc_single_image media=&#8221;6981&#8243; media_width_percent=&#8221;100&#8243; media_ratio=&#8221;one-one&#8221; shadow=&#8221;yes&#8221; shadow_weight=&#8221;xl&#8221; uncode_shortcode_id=&#8221;131451&#8243;][\/vc_column][\/vc_row][vc_row row_height_percent=&#8221;0&#8243; override_padding=&#8221;yes&#8221; h_padding=&#8221;2&#8243; top_padding=&#8221;5&#8243; bottom_padding=&#8221;5&#8243; back_color=&#8221;color-xsdn&#8221; overlay_alpha=&#8221;50&#8243; gutter_size=&#8221;3&#8243; column_width_percent=&#8221;100&#8243; shift_y=&#8221;0&#8243; z_index=&#8221;0&#8243; uncode_shortcode_id=&#8221;253108&#8243; back_color_type=&#8221;uncode-palette&#8221;][vc_column column_width_percent=&#8221;100&#8243; gutter_size=&#8221;2&#8243; overlay_alpha=&#8221;50&#8243; shift_x=&#8221;0&#8243; shift_y=&#8221;0&#8243; shift_y_down=&#8221;0&#8243; z_index=&#8221;0&#8243; medium_width=&#8221;0&#8243; mobile_width=&#8221;0&#8243; parallax_intensity=&#8221;5&#8243; width=&#8221;1\/1&#8243; uncode_shortcode_id=&#8221;106209&#8243;][vc_custom_heading text_height=&#8221;fontheight-884540&#8243; text_space=&#8221;fontspace-165880&#8243; uncode_shortcode_id=&#8221;176407&#8243; el_class=&#8221;2colors&#8221;]Unsere Berufe[\/vc_custom_heading][vc_empty_space empty_h=&#8221;2&#8243;][vc_row_inner][vc_column_inner width=&#8221;1\/1&#8243;][uncode_index el_id=&#8221;Lehre-230712&#8243; loop=&#8221;size:All|order_by:date|post_type:lehre|taxonomy_count:10&#8243; screen_lg=&#8221;1000&#8243; screen_md=&#8221;600&#8243; screen_sm=&#8221;480&#8243; gutter_size=&#8221;3&#8243; lehre_items=&#8221;media|featured|nolink|original,title,spacer_two|half,text|excerpt&#8221; open-position_items=&#8221;media|featured|onpost|original,title&#8221; single_shape=&#8221;round&#8221; radius=&#8221;std&#8221; single_overlay_opacity=&#8221;1&#8243; single_image_magnetic=&#8221;yes&#8221; single_padding=&#8221;2&#8243; single_title_dimension=&#8221;h3&#8243; single_title_height=&#8221;fontheight-422557&#8243; single_title_space=&#8221;fontspace-599212&#8243; single_border=&#8221;yes&#8221; uncode_shortcode_id=&#8221;614105&#8243;][\/vc_column_inner][\/vc_row_inner][vc_empty_space empty_h=&#8221;2&#8243;][vc_button radius=&#8221;btn-default-shape&#8221; border_width=&#8221;0&#8243; link=&#8221;url:https%3A%2F%2Fwww.yousty.ch%2Fde-CH%2Flehrstellen%2Ffirmen%2F952-netstal-maschinen-ag|title:zu%20Yousty|target:_blank&#8221; uncode_shortcode_id=&#8221;106503&#8243;]zu Yousty[\/vc_button][\/vc_column][\/vc_row][vc_row row_height_percent=&#8221;0&#8243; override_padding=&#8221;yes&#8221; h_padding=&#8221;2&#8243; top_padding=&#8221;5&#8243; bottom_padding=&#8221;5&#8243; overlay_alpha=&#8221;50&#8243; gutter_size=&#8221;3&#8243; column_width_percent=&#8221;100&#8243; shift_y=&#8221;0&#8243; z_index=&#8221;0&#8243; uncode_shortcode_id=&#8221;117404&#8243; row_name=&#8221;Akkreditierte Maschinenkalibrierung gem\u00e4ss (ISO 17025)&#8221;][vc_column width=&#8221;1\/2&#8243;][vc_custom_heading uncode_shortcode_id=&#8221;351840&#8243;]Was wir<br \/>\n<span style=\"color: #b6bfca;\">dir bieten<\/span>[\/vc_custom_heading][vc_empty_space empty_h=&#8221;2&#8243;][vc_row_inner][vc_column_inner column_width_percent=&#8221;100&#8243; gutter_size=&#8221;3&#8243; overlay_alpha=&#8221;50&#8243; shift_x=&#8221;0&#8243; shift_y=&#8221;0&#8243; shift_y_down=&#8221;0&#8243; z_index=&#8221;0&#8243; medium_width=&#8221;0&#8243; mobile_width=&#8221;0&#8243; css_animation=&#8221;alpha-anim&#8221; animation_delay=&#8221;200&#8243; parallax_intensity=&#8221;5&#8243; width=&#8221;1\/1&#8243; uncode_shortcode_id=&#8221;453808&#8243;][vc_column_text uncode_shortcode_id=&#8221;854772&#8243;]<\/p>\n<ul>\n<li>Abwechslungsreiches Ausbildungsprogramm<\/li>\n<li>Vielf\u00e4ltige T\u00e4tigkeiten<\/li>\n<li>Kollegiales und offenes Arbeitsklima<\/li>\n<li>Motivierte und gut ausgebildete Berufs- und Praxisbildner<\/li>\n<li>Events, wie z.B. verschiedene Ausfl\u00fcge<\/li>\n<li>Flexible Arbeitszeiten und \u00fcberdurchschnittlich viele Ferientage<\/li>\n<li>Eigenes Personalrestaurant<\/li>\n<li>Nach M\u00f6glichkeit Festanstellung nach der Lehre<\/li>\n<\/ul>\n<p>[\/vc_column_text][\/vc_column_inner][\/vc_row_inner][\/vc_column][vc_column width=&#8221;1\/2&#8243;][vc_custom_heading uncode_shortcode_id=&#8221;149387&#8243;]Was wir<br \/>\n<span style=\"color: #b6bfca;\">von dir erwarten<\/span>[\/vc_custom_heading][vc_empty_space empty_h=&#8221;2&#8243;][vc_row_inner][vc_column_inner column_width_percent=&#8221;100&#8243; gutter_size=&#8221;3&#8243; overlay_alpha=&#8221;50&#8243; shift_x=&#8221;0&#8243; shift_y=&#8221;0&#8243; shift_y_down=&#8221;0&#8243; z_index=&#8221;0&#8243; medium_width=&#8221;0&#8243; mobile_width=&#8221;0&#8243; css_animation=&#8221;alpha-anim&#8221; animation_delay=&#8221;400&#8243; parallax_intensity=&#8221;5&#8243; width=&#8221;1\/1&#8243; uncode_shortcode_id=&#8221;165750&#8243;][vc_column_text uncode_shortcode_id=&#8221;174881&#8243;]<\/p>\n<ul>\n<li>Offenheit, Ehrlichkeit und Respekt<\/li>\n<li>Teamf\u00e4higkeit<\/li>\n<li>Interesse<\/li>\n<li>Leistungsbereitschaft<\/li>\n<li>Zuverl\u00e4ssigkeit<\/li>\n<li>Selbst\u00e4ndigkeit<\/li>\n<li>Weitere Anforderungen je nach Lehrberuf<\/li>\n<\/ul>\n<p>[\/vc_column_text][\/vc_column_inner][\/vc_row_inner][\/vc_column][\/vc_row][vc_row row_height_percent=&#8221;50&#8243; override_padding=&#8221;yes&#8221; h_padding=&#8221;2&#8243; top_padding=&#8221;5&#8243; bottom_padding=&#8221;5&#8243; back_color=&#8221;color-xsdn&#8221; overlay_alpha=&#8221;50&#8243; gutter_size=&#8221;3&#8243; column_width_percent=&#8221;100&#8243; shift_y=&#8221;0&#8243; z_index=&#8221;2&#8243; bottom_divider=&#8221;step_2_3&#8243; uncode_shortcode_id=&#8221;428714&#8243; back_color_type=&#8221;uncode-palette&#8221;][vc_column column_width_use_pixel=&#8221;yes&#8221; position_vertical=&#8221;middle&#8221; align_horizontal=&#8221;align_center&#8221; gutter_size=&#8221;3&#8243; style=&#8221;light&#8221; overlay_alpha=&#8221;50&#8243; shift_x=&#8221;0&#8243; shift_y=&#8221;0&#8243; shift_y_down=&#8221;0&#8243; shift_y_down_fixed=&#8221;yes&#8221; z_index=&#8221;0&#8243; medium_width=&#8221;0&#8243; align_mobile=&#8221;align_center_mobile&#8221; mobile_width=&#8221;0&#8243; width=&#8221;1\/1&#8243; column_width_pixel=&#8221;1000&#8243; uncode_shortcode_id=&#8221;102945&#8243;][vc_single_image media=&#8221;2996&#8243; media_width_percent=&#8221;100&#8243; uncode_shortcode_id=&#8221;134122&#8243;][\/vc_column][\/vc_row][vc_section back_color=&#8221;color-jevc&#8221; back_image=&#8221;6981&#8243; parallax=&#8221;yes&#8221; overlay_color=&#8221;color-jevc&#8221; overlay_alpha=&#8221;90&#8243; uncode_shortcode_id=&#8221;184123&#8243; back_color_type=&#8221;uncode-palette&#8221; overlay_color_type=&#8221;uncode-palette&#8221;][vc_row row_height_percent=&#8221;0&#8243; override_padding=&#8221;yes&#8221; h_padding=&#8221;2&#8243; top_padding=&#8221;5&#8243; bottom_padding=&#8221;2&#8243; overlay_alpha=&#8221;50&#8243; gutter_size=&#8221;3&#8243; column_width_percent=&#8221;100&#8243; shift_y=&#8221;0&#8243; z_index=&#8221;0&#8243; uncode_shortcode_id=&#8221;144233&#8243;][vc_column column_width_percent=&#8221;100&#8243; gutter_size=&#8221;3&#8243; style=&#8221;dark&#8221; overlay_alpha=&#8221;50&#8243; shift_x=&#8221;0&#8243; shift_y=&#8221;0&#8243; shift_y_down=&#8221;0&#8243; z_index=&#8221;0&#8243; medium_width=&#8221;0&#8243; mobile_width=&#8221;0&#8243; width=&#8221;1\/2&#8243; uncode_shortcode_id=&#8221;914141&#8243;][vc_custom_heading uncode_shortcode_id=&#8221;142598&#8243;]Wie soll deine Bewerbung aussehen?[\/vc_custom_heading][\/vc_column][vc_column width=&#8221;1\/2&#8243;][\/vc_column][\/vc_row][vc_row row_height_percent=&#8221;0&#8243; override_padding=&#8221;yes&#8221; h_padding=&#8221;2&#8243; top_padding=&#8221;2&#8243; bottom_padding=&#8221;5&#8243; overlay_alpha=&#8221;100&#8243; gutter_size=&#8221;3&#8243; column_width_percent=&#8221;100&#8243; shift_y=&#8221;0&#8243; z_index=&#8221;0&#8243; uncode_shortcode_id=&#8221;108284&#8243;][vc_column column_width_percent=&#8221;100&#8243; gutter_size=&#8221;3&#8243; style=&#8221;dark&#8221; overlay_alpha=&#8221;50&#8243; shift_x=&#8221;0&#8243; shift_y=&#8221;0&#8243; shift_y_down=&#8221;0&#8243; z_index=&#8221;0&#8243; medium_width=&#8221;0&#8243; mobile_width=&#8221;0&#8243; width=&#8221;1\/2&#8243; uncode_shortcode_id=&#8221;968172&#8243;][vc_row_inner][vc_column_inner column_width_percent=&#8221;100&#8243; gutter_size=&#8221;3&#8243; style=&#8221;dark&#8221; overlay_alpha=&#8221;50&#8243; shift_x=&#8221;0&#8243; shift_y=&#8221;0&#8243; shift_y_down=&#8221;0&#8243; z_index=&#8221;0&#8243; medium_width=&#8221;0&#8243; mobile_width=&#8221;0&#8243; css_animation=&#8221;alpha-anim&#8221; animation_delay=&#8221;200&#8243; parallax_intensity=&#8221;5&#8243; width=&#8221;1\/1&#8243; uncode_shortcode_id=&#8221;196256&#8243;][vc_custom_heading heading_semantic=&#8221;h3&#8243; text_size=&#8221;h3&#8243; text_height=&#8221;fontheight-422557&#8243; text_space=&#8221;fontspace-599212&#8243; uncode_shortcode_id=&#8221;209527&#8243;]Berufserkundung[\/vc_custom_heading][vc_column_text uncode_shortcode_id=&#8221;324422&#8243;]F\u00fcr eine Berufserkundung reicht uns eine E-Mail an berufsbildung@netstal.com oder eine Anmeldung via Yousty. Sobald verf\u00fcgbar findest du den Termin auf dem Netstal Yousty-Profil unter dem Punkt Berufswahl-Anl\u00e4sse. Bewerbungsunterlagen brauchen wir daf\u00fcr nicht. Wenn du diese bereits zusammengestellt hast, kannst du uns diese jedoch trotzdem schicken.[\/vc_column_text][vc_custom_heading uncode_shortcode_id=&#8221;151678&#8243;]Wir freuen uns auf<br \/>\ndeine Bewerbung![\/vc_custom_heading][vc_button radius=&#8221;btn-default-shape&#8221; border_width=&#8221;0&#8243; link=&#8221;url:https%3A%2F%2Fwww.yousty.ch%2Fde-CH%2Flehrstellen%2Ffirmen%2F952-netstal-maschinen-ag|title:zu%20Yousty|target:_blank&#8221; uncode_shortcode_id=&#8221;106503&#8243;]zu Yousty[\/vc_button][\/vc_column_inner][\/vc_row_inner][\/vc_column][vc_column column_width_percent=&#8221;100&#8243; gutter_size=&#8221;3&#8243; style=&#8221;dark&#8221; overlay_alpha=&#8221;50&#8243; shift_x=&#8221;0&#8243; shift_y=&#8221;0&#8243; shift_y_down=&#8221;0&#8243; z_index=&#8221;0&#8243; medium_width=&#8221;0&#8243; mobile_width=&#8221;0&#8243; width=&#8221;1\/2&#8243; uncode_shortcode_id=&#8221;171314&#8243;][vc_row_inner][vc_column_inner column_width_percent=&#8221;100&#8243; gutter_size=&#8221;3&#8243; style=&#8221;dark&#8221; overlay_alpha=&#8221;50&#8243; shift_x=&#8221;0&#8243; shift_y=&#8221;0&#8243; shift_y_down=&#8221;0&#8243; z_index=&#8221;0&#8243; medium_width=&#8221;0&#8243; mobile_width=&#8221;0&#8243; css_animation=&#8221;alpha-anim&#8221; animation_delay=&#8221;400&#8243; parallax_intensity=&#8221;5&#8243; width=&#8221;1\/1&#8243; uncode_shortcode_id=&#8221;163273&#8243;][vc_custom_heading heading_semantic=&#8221;h3&#8243; text_size=&#8221;h3&#8243; text_height=&#8221;fontheight-422557&#8243; text_space=&#8221;fontspace-599212&#8243; uncode_shortcode_id=&#8221;141188&#8243;]Schnupperlehre und Lehrstellen[\/vc_custom_heading][vc_column_text uncode_shortcode_id=&#8221;150605&#8243;]Wenn du dich f\u00fcr eine Schnupperlehre bzw. eine Lehrstelle interessierst, dann ben\u00f6tigen wir von dir ein vollst\u00e4ndiges Bewerbungsdossier. Dieses beinhaltet folgende Dokumente:<\/p>\n<p>Bewerbungsschreiben mit dem Berufswunsch<br \/>\nLebenslauf mit Angaben der bereits absolvierten Schnupperlehren<br \/>\nZeugniskopien der Oberstufe<br \/>\nSofern vorhanden Multicheck und Stellwerktest<\/p>\n<p>Die Bewerbung sendest du per E-Mail an berufsbildung@netstal.com oder via Yousty<\/p>\n<p>Deine Bewerbung wird dann gepr\u00fcft. Sofern deine schulischen Leistungen f\u00fcr den gew\u00fcnschten Beruf ausreichen, erh\u00e4ltst du einen Terminvorschlag f\u00fcr eine Schnupperlehre (andernfalls leider eine Absage). Nach der Schnupperlehre kannst Du dir deine Berufswahl nochmals reiflich \u00fcberlegen, bevor es in die Schlussrunde geht. In dieser kl\u00e4ren wir in einem Bewerbungsgespr\u00e4ch, ob Du die Lehrzeit bei uns auch tats\u00e4chlich erfolgreich absolvieren kannst.[\/vc_column_text][\/vc_column_inner][\/vc_row_inner][\/vc_column][\/vc_row][\/vc_section]<\/p>\n<\/div>","protected":false},"excerpt":{"rendered":"<p>[vc_row row_height_percent=&#8221;85&#8243; override_padding=&#8221;yes&#8221; h_padding=&#8221;2&#8243; top_padding=&#8221;5&#8243; bottom_padding=&#8221;5&#8243; overlay_alpha=&#8221;80&#8243; gutter_size=&#8221;4&#8243; column_width_percent=&#8221;100&#8243; shift_y=&#8221;0&#8243; z_index=&#8221;0&#8243; uncode_shortcode_id=&#8221;876882&#8243;][vc_column column_width_percent=&#8221;100&#8243; position_vertical=&#8221;middle&#8221; gutter_size=&#8221;3&#8243; style=&#8221;light&#8221; overlay_alpha=&#8221;50&#8243; shift_x=&#8221;0&#8243; shift_y=&#8221;0&#8243; shift_y_down=&#8221;0&#8243; [&hellip;]<\/p>\n","protected":false},"author":2,"featured_media":0,"parent":0,"menu_order":300,"comment_status":"closed","ping_status":"closed","template":"","meta":{"_acf_changed":false,"wds_primary_page_category":0,"footnotes":""},"class_list":["post-4354","page","type-page","status-publish","hentry"],"acf":[],"_links":{"self":[{"href":"https:\/\/www.netstal.com\/en\/wp-json\/wp\/v2\/pages\/4354","targetHints":{"allow":["GET"]}}],"collection":[{"href":"https:\/\/www.netstal.com\/en\/wp-json\/wp\/v2\/pages"}],"about":[{"href":"https:\/\/www.netstal.com\/en\/wp-json\/wp\/v2\/types\/page"}],"author":[{"embeddable":true,"href":"https:\/\/www.netstal.com\/en\/wp-json\/wp\/v2\/users\/2"}],"replies":[{"embeddable":true,"href":"https:\/\/www.netstal.com\/en\/wp-json\/wp\/v2\/comments?post=4354"}],"version-history":[{"count":0,"href":"https:\/\/www.netstal.com\/en\/wp-json\/wp\/v2\/pages\/4354\/revisions"}],"wp:attachment":[{"href":"https:\/\/www.netstal.com\/en\/wp-json\/wp\/v2\/media?parent=4354"}],"curies":[{"name":"wp","href":"https:\/\/api.w.org\/{rel}","templated":true}]}}